{"id":639,"date":"2022-10-01T14:42:48","date_gmt":"2022-10-01T14:42:48","guid":{"rendered":"https:\/\/www.seminarioppghs.com.br\/2023\/?page_id=639"},"modified":"2024-01-15T12:29:19","modified_gmt":"2024-01-15T12:29:19","slug":"programacao","status":"publish","type":"page","link":"https:\/\/www.seminarioppghs.com.br\/2023\/programacao\/","title":{"rendered":"Programa\u00e7\u00e3o"},"content":{"rendered":"<p>&nbsp;<\/p>\n<div class=\"page\" title=\"Page 1\">\n<div class=\"section\">\n<div class=\"layoutArea\">\n<div class=\"column\">\n<p>PROGRAMAC\u0327A\u0303O &#8211; MESAS DE APRESENTAC\u0327A\u0303O DE TRABALHOS<\/p>\n<p>SEMINA\u0301RIO INTERNO DO PPGHS &#8211; 16 A 20 DE OUTUBRO DE 2023<\/p>\n<p><a href=\"https:\/\/www.seminarioppghs.com.br\/2023\/wp-content\/uploads\/2023\/10\/MESAS-SEMINARIO-INTERNO-FINAL-1.pdf\" target=\"_blank\" rel=\"noopener\"><strong>BAIXAR PROGRAMA\u00c7\u00c3O<\/strong><\/a><\/p>\n<h3><strong>ATEN\u00c7\u00c3O:<\/strong><\/h3>\n<p><em><strong>TODAS AS MESAS REDONDAS E CONFER\u00caNCIAS SER\u00c3O NO AUDIT\u00d3RIO DO BLOCO C<\/strong><\/em><\/p>\n<p>&nbsp;<\/p>\n<\/div>\n<\/div>\n<\/div>\n<p><strong><a href=\"https:\/\/www.seminarioppghs.com.br\/2023\/wp-content\/uploads\/2023\/10\/Caderno-de-resumos-final1-1.pdf\" target=\"_blank\" rel=\"noopener\">CADERNO DE RESUMOS<\/a><\/strong><\/p>\n<p>&nbsp;<\/p>\n<p><a href=\"https:\/\/www.seminarioppghs.com.br\/2023\/wp-content\/uploads\/2024\/01\/Anais-XI-SeminArio-Interno-02-01-24.pdf\" target=\"_blank\" rel=\"noopener\"><strong>ANAIS DO XI SEMIN\u00c1RIO<\/strong><\/a><\/p>\n<\/div>\n<p><img loading=\"lazy\" decoding=\"async\" class=\"alignnone size-full wp-image-1050\" src=\"https:\/\/www.seminarioppghs.com.br\/2023\/wp-content\/uploads\/2023\/10\/Captura-de-Tela-2023-10-24-as-09.04.20.png\" alt=\"\" width=\"2384\" height=\"1518\" srcset=\"https:\/\/www.seminarioppghs.com.br\/2023\/wp-content\/uploads\/2023\/10\/Captura-de-Tela-2023-10-24-as-09.04.20.png 2384w, https:\/\/www.seminarioppghs.com.br\/2023\/wp-content\/uploads\/2023\/10\/Captura-de-Tela-2023-10-24-as-09.04.20-300x191.png 300w, https:\/\/www.seminarioppghs.com.br\/2023\/wp-content\/uploads\/2023\/10\/Captura-de-Tela-2023-10-24-as-09.04.20-1024x652.png 1024w, https:\/\/www.seminarioppghs.com.br\/2023\/wp-content\/uploads\/2023\/10\/Captura-de-Tela-2023-10-24-as-09.04.20-768x489.png 768w, https:\/\/www.seminarioppghs.com.br\/2023\/wp-content\/uploads\/2023\/10\/Captura-de-Tela-2023-10-24-as-09.04.20-1536x978.png 1536w, https:\/\/www.seminarioppghs.com.br\/2023\/wp-content\/uploads\/2023\/10\/Captura-de-Tela-2023-10-24-as-09.04.20-2048x1304.png 2048w\" sizes=\"auto, (max-width: 2384px) 100vw, 2384px\" \/><\/p>\n","protected":false},"excerpt":{"rendered":"<p>&nbsp; PROGRAMAC\u0327A\u0303O &#8211; MESAS DE APRESENTAC\u0327A\u0303O DE TRABALHOS SEMINA\u0301RIO INTERNO DO PPGHS &#8211; 16 A 20 DE OUTUBRO DE 2023 BAIXAR PROGRAMA\u00c7\u00c3O ATEN\u00c7\u00c3O: TODAS AS MESAS REDONDAS E CONFER\u00caNCIAS SER\u00c3O NO AUDIT\u00d3RIO DO BLOCO C &nbsp; CADERNO DE RESUMOS &nbsp; ANAIS DO XI SEMIN\u00c1RIO<\/p>\n","protected":false},"author":2,"featured_media":783,"parent":0,"menu_order":0,"comment_status":"closed","ping_status":"closed","template":"","meta":{"footnotes":""},"class_list":["post-639","page","type-page","status-publish","has-post-thumbnail","hentry"],"acf":[],"_links":{"self":[{"href":"https:\/\/www.seminarioppghs.com.br\/2023\/wp-json\/wp\/v2\/pages\/639","targetHints":{"allow":["GET"]}}],"collection":[{"href":"https:\/\/www.seminarioppghs.com.br\/2023\/wp-json\/wp\/v2\/pages"}],"about":[{"href":"https:\/\/www.seminarioppghs.com.br\/2023\/wp-json\/wp\/v2\/types\/page"}],"author":[{"embeddable":true,"href":"https:\/\/www.seminarioppghs.com.br\/2023\/wp-json\/wp\/v2\/users\/2"}],"replies":[{"embeddable":true,"href":"https:\/\/www.seminarioppghs.com.br\/2023\/wp-json\/wp\/v2\/comments?post=639"}],"version-history":[{"count":20,"href":"https:\/\/www.seminarioppghs.com.br\/2023\/wp-json\/wp\/v2\/pages\/639\/revisions"}],"predecessor-version":[{"id":1081,"href":"https:\/\/www.seminarioppghs.com.br\/2023\/wp-json\/wp\/v2\/pages\/639\/revisions\/1081"}],"wp:featuredmedia":[{"embeddable":true,"href":"https:\/\/www.seminarioppghs.com.br\/2023\/wp-json\/wp\/v2\/media\/783"}],"wp:attachment":[{"href":"https:\/\/www.seminarioppghs.com.br\/2023\/wp-json\/wp\/v2\/media?parent=639"}],"curies":[{"name":"wp","href":"https:\/\/api.w.org\/{rel}","templated":true}]}}